{"id":22,"date":"2025-06-02T17:58:03","date_gmt":"2025-06-02T17:58:03","guid":{"rendered":"https:\/\/instituteoflatinoart.org\/home\/"},"modified":"2026-04-11T01:36:49","modified_gmt":"2026-04-11T01:36:49","slug":"home","status":"publish","type":"page","link":"https:\/\/instituteoflatinoart.org\/es\/","title":{"rendered":"Home"},"content":{"rendered":"<div class=\"wp-block-group alignfull has-background-background-color has-background has-global-padding is-layout-constrained wp-container-core-group-is-layout-079b1091 wp-block-group-is-layout-constrained\" style=\"border-top-width:1px;margin-top:0;margin-bottom:0;padding-top:var(--wp--preset--spacing--50);padding-bottom:var(--wp--preset--spacing--60)\">\n<div class=\"wp-block-columns alignwide are-vertically-aligned-center is-layout-flex wp-container-core-columns-is-layout-f3a7ff92 wp-block-columns-is-layout-flex\">\n<div class=\"wp-block-column is-vertically-aligned-center is-layout-flow wp-block-column-is-layout-flow\">\n<div class=\"wp-block-group alignfull has-global-padding is-layout-constrained wp-block-group-is-layout-constrained\">\n<h1 class=\"wp-block-heading alignwide\">Un Nuevo Centro Cultural<\/h1>\n\n\n\n<p style=\"margin-top:16px\">Exposiciones y programas moldeados por historias ind\u00edgenas, chicanas, afrodiasp\u00f3ricas y de migrantes en Am\u00e9rica Latina y sus di\u00e1sporas.<\/p>\n\n\n\n<div class=\"wp-block-buttons is-content-justification-left is-layout-flex wp-container-core-buttons-is-layout-0bc89592 wp-block-buttons-is-layout-flex\" style=\"margin-top:var(--wp--preset--spacing--40)\">\n<div class=\"wp-block-button\"><a class=\"wp-block-button__link wp-element-button\" href=\"https:\/\/instituteoflatinoart.org\/es\/about\/\">M\u00e1s informaci\u00f3n<\/a><\/div>\n<\/div>\n<\/div>\n<\/div>\n\n\n\n<div class=\"wp-block-column is-vertically-aligned-center is-layout-flow wp-block-column-is-layout-flow\">\n<div class=\"wp-block-group has-global-padding is-content-justification-right is-layout-constrained wp-container-core-group-is-layout-ca4d05ea wp-block-group-is-layout-constrained\">\n<figure class=\"wp-block-image size-large extendify-image-import wp-duotone-primary-foreground\"><img decoding=\"async\" src=\"data:image\/svg+xml;base64,PHN2ZyB4bWxucz0iaHR0cDovL3d3dy53My5vcmcvMjAwMC9zdmciIHdpZHRoPSI0MDMiIGhlaWdodD0iNDAwIiBmaWxsPSJub25lIiB2aWV3Qm94PSIwIDAgNDAzIDQwMCI+PGcgY2xpcC1wYXRoPSJ1cmwoI2EpIj48cGF0aCBmaWxsPSIjMUUxRTFFIiBkPSJtNDAyLjQ3NyAyMTcuMTc0LTEwNS4wNzUgMTMuNjAxIDc3LjcxIDcyLjAyNi0xMDAuNTY5LTMzLjMzMyAzOC43MzQgOTguNTc5LTc2LjEyNy03My42NUwyMjkuMjczIDQwMGwtMzYuNjIyLTk5LjM5MS01Mi45NDMgOTEuNzU4IDEwLjE1LTEwNS40NC04Ny40OTUgNTkuNzIzIDU0Ljg1Mi05MC42MjEtMTA0Ljc1IDE1LjgzNSA4OC43NTMtNTcuODE2TDAgMTgyLjg2NmwxMDUuMDM1LTEzLjYwMS03Ny42Ny03Mi4wMjYgMTAwLjU2OCAzMy4zMzNMODkuMiAzMS45OTNsNzYuMTI3IDczLjY1MUwxNzMuMjAzIDBsMzYuNjIyIDk5LjM5MSA1Mi45MDMtOTEuNzU4LTEwLjEwOSAxMDUuNDQgODcuNDk1LTU5LjY4My01NC44NTIgOTAuNTgxIDEwNC43MS0xNS44MzUtODguNzEzIDU3Ljg1NyAxMDEuMjE4IDMxLjE4MVoiLz48L2c+PGRlZnM+PGNsaXBQYXRoIGlkPSJhIj48cGF0aCBmaWxsPSIjZmZmIiBkPSJNMCAwaDQwMi40Nzd2NDAwSDB6Ii8+PC9jbGlwUGF0aD48L2RlZnM+PC9zdmc+\" alt=\"\"\/><\/figure>\n<\/div>\n\n\n\n<div class=\"wp-block-group has-global-padding is-layout-constrained wp-container-core-group-is-layout-9668a3f3 wp-block-group-is-layout-constrained\" style=\"margin-top:-100px;padding-right:var(--wp--preset--spacing--50)\">\n<figure class=\"wp-block-image size-large extendify-image-import\"><img loading=\"lazy\" decoding=\"async\" width=\"597\" height=\"427\" src=\"https:\/\/instituteoflatinoart.org\/wp-content\/uploads\/2025\/06\/prometheus-1930-2017-ss-3-edited.jpg\" alt=\"\" class=\"wp-image-70\" style=\"aspect-ratio:4\/3;object-fit:cover\" srcset=\"https:\/\/instituteoflatinoart.org\/wp-content\/uploads\/2025\/06\/prometheus-1930-2017-ss-3-edited.jpg 597w, https:\/\/instituteoflatinoart.org\/wp-content\/uploads\/2025\/06\/prometheus-1930-2017-ss-3-edited-300x215.jpg 300w\" sizes=\"auto, (max-width: 597px) 100vw, 597px\" \/><\/figure>\n<\/div>\n<\/div>\n<\/div>\n<\/div>\n\n\n\n<div class=\"wp-block-group alignfull has-tertiary-background-color has-background has-global-padding is-layout-constrained wp-container-core-group-is-layout-7d1597ee wp-block-group-is-layout-constrained\" id=\"about\" style=\"border-top-width:1px;margin-top:0;margin-bottom:0;padding-top:var(--wp--preset--spacing--60);padding-right:0;padding-bottom:var(--wp--preset--spacing--60);padding-left:0\">\n<div class=\"wp-block-columns alignwide is-layout-flex wp-container-core-columns-is-layout-d0bbbce0 wp-block-columns-is-layout-flex\">\n<div class=\"wp-block-column is-layout-flow wp-block-column-is-layout-flow\">\n<h2 class=\"wp-block-heading\">Nuestras Artes, Culturas e Historias <\/h2>\n<\/div>\n\n\n\n<div class=\"wp-block-column is-layout-flow wp-block-column-is-layout-flow\">\n<p style=\"margin-top:16px\">El Institute of Latino Art (ILA) promueve el arte visual moldeado por las historias, culturas y realidades contempor\u00e1neas de Am\u00e9rica Latina y sus di\u00e1sporas. Trabajando en las tradiciones ind\u00edgenas, chicanas, afrodiasp\u00f3ricas y migrantes, ILA apoya a artistas y curadores cuyas pr\u00e1cticas se nutren de linajes culturales y ampl\u00edan la comprensi\u00f3n de la cultura visual a trav\u00e9s de las fronteras y el tiempo.<\/p>\n<\/div>\n<\/div>\n\n\n\n<div class=\"wp-block-group alignwide is-layout-grid wp-container-core-group-is-layout-9f4e5c95 wp-block-group-is-layout-grid\">\n<div style=\"aspect-ratio:16\/9;min-height:unset;\" class=\"wp-block-cover is-light extendify-image-import has-aspect-ratio\"><img loading=\"lazy\" decoding=\"async\" width=\"1024\" height=\"603\" class=\"wp-block-cover__image-background wp-image-71 size-large\" alt=\"\" src=\"https:\/\/instituteoflatinoart.org\/wp-content\/uploads\/2025\/06\/david-siqueiros-mural-america-tropical-1-1024x603.jpg\" data-object-fit=\"cover\" srcset=\"https:\/\/instituteoflatinoart.org\/wp-content\/uploads\/2025\/06\/david-siqueiros-mural-america-tropical-1-1024x603.jpg 1024w, https:\/\/instituteoflatinoart.org\/wp-content\/uploads\/2025\/06\/david-siqueiros-mural-america-tropical-1-300x177.jpg 300w, https:\/\/instituteoflatinoart.org\/wp-content\/uploads\/2025\/06\/david-siqueiros-mural-america-tropical-1-768x453.jpg 768w, https:\/\/instituteoflatinoart.org\/wp-content\/uploads\/2025\/06\/david-siqueiros-mural-america-tropical-1-1536x905.jpg 1536w, https:\/\/instituteoflatinoart.org\/wp-content\/uploads\/2025\/06\/david-siqueiros-mural-america-tropical-1-2048x1207.jpg 2048w\" sizes=\"auto, (max-width: 1024px) 100vw, 1024px\" \/><span aria-hidden=\"true\" class=\"wp-block-cover__background has-background-dim-0 has-background-dim\" style=\"background-color:#828282\"><\/span><div class=\"wp-block-cover__inner-container is-layout-flow wp-block-cover-is-layout-flow\">\n<div style=\"height:100px\" aria-hidden=\"true\" class=\"wp-block-spacer\"><\/div>\n<\/div><\/div>\n\n\n\n<div style=\"aspect-ratio:16\/9;min-height:unset;\" class=\"wp-block-cover is-light extendify-image-import has-aspect-ratio\"><img loading=\"lazy\" decoding=\"async\" width=\"1920\" height=\"1265\" class=\"wp-block-cover__image-background wp-image-73 size-full\" alt=\"\" src=\"https:\/\/instituteoflatinoart.org\/wp-content\/uploads\/2025\/06\/Fear_Magallanes.jpg\" data-object-fit=\"cover\" srcset=\"https:\/\/instituteoflatinoart.org\/wp-content\/uploads\/2025\/06\/Fear_Magallanes.jpg 1920w, https:\/\/instituteoflatinoart.org\/wp-content\/uploads\/2025\/06\/Fear_Magallanes-300x198.jpg 300w, https:\/\/instituteoflatinoart.org\/wp-content\/uploads\/2025\/06\/Fear_Magallanes-1024x675.jpg 1024w, https:\/\/instituteoflatinoart.org\/wp-content\/uploads\/2025\/06\/Fear_Magallanes-768x506.jpg 768w, https:\/\/instituteoflatinoart.org\/wp-content\/uploads\/2025\/06\/Fear_Magallanes-1536x1012.jpg 1536w\" sizes=\"auto, (max-width: 1920px) 100vw, 1920px\" \/><span aria-hidden=\"true\" class=\"wp-block-cover__background has-background-dim-0 has-background-dim\" style=\"background-color:#a19fa1\"><\/span><div class=\"wp-block-cover__inner-container is-layout-flow wp-block-cover-is-layout-flow\">\n<div style=\"height:100px\" aria-hidden=\"true\" class=\"wp-block-spacer\"><\/div>\n<\/div><\/div>\n\n\n\n<div style=\"aspect-ratio:16\/9;min-height:unset;\" class=\"wp-block-cover is-light extendify-image-import has-aspect-ratio\"><img loading=\"lazy\" decoding=\"async\" width=\"1024\" height=\"764\" class=\"wp-block-cover__image-background wp-image-75 size-large\" alt=\"\" src=\"https:\/\/instituteoflatinoart.org\/wp-content\/uploads\/2025\/06\/Screenshot-2025-06-02-at-4.48.38\u202fPM-1024x764.png\" data-object-fit=\"cover\" srcset=\"https:\/\/instituteoflatinoart.org\/wp-content\/uploads\/2025\/06\/Screenshot-2025-06-02-at-4.48.38\u202fPM-1024x764.png 1024w, https:\/\/instituteoflatinoart.org\/wp-content\/uploads\/2025\/06\/Screenshot-2025-06-02-at-4.48.38\u202fPM-300x224.png 300w, https:\/\/instituteoflatinoart.org\/wp-content\/uploads\/2025\/06\/Screenshot-2025-06-02-at-4.48.38\u202fPM-768x573.png 768w, https:\/\/instituteoflatinoart.org\/wp-content\/uploads\/2025\/06\/Screenshot-2025-06-02-at-4.48.38\u202fPM-1536x1145.png 1536w, https:\/\/instituteoflatinoart.org\/wp-content\/uploads\/2025\/06\/Screenshot-2025-06-02-at-4.48.38\u202fPM.png 1848w\" sizes=\"auto, (max-width: 1024px) 100vw, 1024px\" \/><span aria-hidden=\"true\" class=\"wp-block-cover__background has-background-dim-0 has-background-dim\" style=\"background-color:#96939c\"><\/span><div class=\"wp-block-cover__inner-container is-layout-flow wp-block-cover-is-layout-flow\">\n<div style=\"height:100px\" aria-hidden=\"true\" class=\"wp-block-spacer\"><\/div>\n<\/div><\/div>\n<\/div>\n<\/div>\n\n\n\n<div class=\"wp-block-group alignfull has-background-background-color has-background has-global-padding is-layout-constrained wp-container-core-group-is-layout-7276a2bb wp-block-group-is-layout-constrained\" id=\"events\" style=\"border-top-width:1px;margin-top:0;margin-bottom:0;padding-top:var(--wp--preset--spacing--60);padding-right:var(--wp--preset--spacing--30);padding-bottom:var(--wp--preset--spacing--60);padding-left:var(--wp--preset--spacing--30)\">\n<div class=\"wp-block-group alignwide is-vertical is-layout-flex wp-container-core-group-is-layout-fe9cc265 wp-block-group-is-layout-flex\">\n<div class=\"wp-block-group alignwide has-global-padding is-content-justification-left is-layout-constrained wp-container-core-group-is-layout-12dd3699 wp-block-group-is-layout-constrained\">\n<h3 class=\"wp-block-heading\">Pr\u00f3ximos Eventos<\/h3>\n\n\n\n<p style=\"margin-top:16px\">Explora pr\u00f3ximas exposiciones y talleres que conectan comunidades a trav\u00e9s del arte y la experiencia cultural compartida.<\/p>\n<\/div>\n<\/div>\n\n\n\n<div class=\"wp-block-columns alignwide is-layout-flex wp-container-core-columns-is-layout-28f84493 wp-block-columns-is-layout-flex\">\n<div class=\"wp-block-column is-layout-flow wp-block-column-is-layout-flow\">\n<div class=\"wp-block-group has-global-padding is-layout-constrained wp-container-core-group-is-layout-23b1a4dc wp-block-group-is-layout-constrained\" style=\"border-width:1px;padding-top:var(--wp--preset--spacing--30);padding-right:var(--wp--preset--spacing--30);padding-bottom:var(--wp--preset--spacing--30);padding-left:var(--wp--preset--spacing--30)\">\n<div class=\"wp-block-group is-content-justification-space-between is-nowrap is-layout-flex wp-container-core-group-is-layout-cb46ffcb wp-block-group-is-layout-flex\">\n<h3 class=\"wp-block-heading\" style=\"font-size:clamp(14px, 0.875rem + ((1vw - 3.2px) * 0.625), 20px);line-height:1.5\">Celebraci\u00f3n de Apertura de ILA<\/h3>\n\n\n\n<p class=\"has-small-font-size\" style=\"margin-top:8px;text-transform:uppercase\">9 de mayo de 2026<\/p>\n<\/div>\n\n\n\n<p class=\"has-small-font-size\" style=\"margin-top:16px\">Acomp\u00e1\u00f1anos para inaugurar ILA y abrir nuestra primera ronda de exposiciones.<\/p>\n<\/div>\n<\/div>\n\n\n\n<div class=\"wp-block-column is-layout-flow wp-block-column-is-layout-flow\">\n<div class=\"wp-block-group has-global-padding is-layout-constrained wp-container-core-group-is-layout-23b1a4dc wp-block-group-is-layout-constrained\" style=\"border-width:1px;padding-top:var(--wp--preset--spacing--30);padding-right:var(--wp--preset--spacing--30);padding-bottom:var(--wp--preset--spacing--30);padding-left:var(--wp--preset--spacing--30)\">\n<div class=\"wp-block-group is-content-justification-space-between is-nowrap is-layout-flex wp-container-core-group-is-layout-cb46ffcb wp-block-group-is-layout-flex\">\n<h3 class=\"wp-block-heading\" style=\"font-size:clamp(14px, 0.875rem + ((1vw - 3.2px) * 0.625), 20px);line-height:1.5\">Taller Comunitario de Murales<\/h3>\n\n\n\n<p class=\"has-small-font-size\" style=\"margin-top:8px;text-transform:uppercase\">22 de agosto de 2026<\/p>\n<\/div>\n\n\n\n<p class=\"has-small-font-size\" style=\"margin-top:16px\">Participa en una sesi\u00f3n pr\u00e1ctica creando vibrantes murales con artistas locales.<\/p>\n<\/div>\n<\/div>\n<\/div>\n\n\n\n<div class=\"wp-block-columns alignwide is-layout-flex wp-container-core-columns-is-layout-416bbe66 wp-block-columns-is-layout-flex\" style=\"margin-top:var(--wp--preset--spacing--30)\">\n<div class=\"wp-block-column is-layout-flow wp-block-column-is-layout-flow\"><\/div>\n\n\n\n<div class=\"wp-block-column is-layout-flow wp-block-column-is-layout-flow\"><\/div>\n<\/div>\n<\/div>\n\n\n\n<div class=\"wp-block-group alignfull has-tertiary-background-color has-background has-global-padding is-layout-constrained wp-container-core-group-is-layout-5d554796 wp-block-group-is-layout-constrained\" style=\"border-top-width:1px;margin-top:0;margin-bottom:0;padding-top:var(--wp--preset--spacing--60);padding-right:0;padding-bottom:var(--wp--preset--spacing--60);padding-left:0\">\n<div class=\"wp-block-columns alignwide are-vertically-aligned-center is-layout-flex wp-container-core-columns-is-layout-47c06fe3 wp-block-columns-is-layout-flex\">\n<div class=\"wp-block-column is-vertically-aligned-center is-layout-flow wp-block-column-is-layout-flow\">\n<figure class=\"wp-block-image aligncenter size-large extendify-image-import\"><img loading=\"lazy\" decoding=\"async\" width=\"768\" height=\"1024\" src=\"https:\/\/instituteoflatinoart.org\/wp-content\/uploads\/2026\/04\/ILA_North_Gallery-768x1024.jpg\" alt=\"\" class=\"wp-image-180\" style=\"aspect-ratio:1;object-fit:cover\" srcset=\"https:\/\/instituteoflatinoart.org\/wp-content\/uploads\/2026\/04\/ILA_North_Gallery-768x1024.jpg 768w, https:\/\/instituteoflatinoart.org\/wp-content\/uploads\/2026\/04\/ILA_North_Gallery-225x300.jpg 225w, https:\/\/instituteoflatinoart.org\/wp-content\/uploads\/2026\/04\/ILA_North_Gallery-1152x1536.jpg 1152w, https:\/\/instituteoflatinoart.org\/wp-content\/uploads\/2026\/04\/ILA_North_Gallery-1536x2048.jpg 1536w, https:\/\/instituteoflatinoart.org\/wp-content\/uploads\/2026\/04\/ILA_North_Gallery-9x12.jpg 9w, https:\/\/instituteoflatinoart.org\/wp-content\/uploads\/2026\/04\/ILA_North_Gallery-scaled.jpg 1920w\" sizes=\"auto, (max-width: 768px) 100vw, 768px\" \/><\/figure>\n\n\n\n<h6 class=\"wp-block-heading has-text-align-center\" style=\"margin-top:16px\"> <\/h6>\n<\/div>\n\n\n\n<div class=\"wp-block-column is-vertically-aligned-center is-layout-flow wp-block-column-is-layout-flow\">\n<div class=\"wp-block-group has-global-padding is-content-justification-left is-layout-constrained wp-container-core-group-is-layout-12dd3699 wp-block-group-is-layout-constrained\">\n<h2 class=\"wp-block-heading\"><br><br><strong>\u00danete a nosotros para sentar las bases de ILA<\/strong><\/h2>\n\n\n\n<p style=\"margin-top:16px\"><br><strong>ILA est\u00e1 creciendo a trav\u00e9s del apoyo colectivo. Las contribuciones sustentan exposiciones, programas p\u00fablicos y un espacio arraigado en nuestras artes, culturas e historias. Esta etapa fundacional impulsa la construcci\u00f3n de la galer\u00eda y establece la infraestructura cultural a largo plazo que definir\u00e1 la presencia de ILA en la regi\u00f3n durante a\u00f1os.<\/strong><\/p>\n\n\n\n<div class=\"wp-block-buttons is-layout-flex wp-container-core-buttons-is-layout-12dcd427 wp-block-buttons-is-layout-flex\" style=\"margin-top:var(--wp--preset--spacing--40)\">\n<div class=\"wp-block-button\"><a class=\"wp-block-button__link wp-element-button\" href=\"https:\/\/instituteoflatinoart.org\/es\/support-institute-of-latino-art\/\">Soporte ILA<\/a><\/div>\n<\/div>\n<\/div>\n<\/div>\n<\/div>\n<\/div>\n\n\n\n<p><\/p>","protected":false},"excerpt":{"rendered":"<p>A New Cultural Hub Exhibitions and programs shaped by Indigenous, Chicano, Afro-diasporic, and migrant histories across Latin America and its diasporas. Our Arts, Culture &amp; Histories The Institute of Latino [&hellip;]<\/p>\n","protected":false},"author":1,"featured_media":0,"parent":0,"menu_order":0,"comment_status":"closed","ping_status":"closed","template":"no-title","meta":{"give_campaign_id":0,"_EventAllDay":false,"_EventTimezone":"","_EventStartDate":"","_EventEndDate":"","_EventStartDateUTC":"","_EventEndDateUTC":"","_EventShowMap":false,"_EventShowMapLink":false,"_EventURL":"","_EventCost":"","_EventCostDescription":"","_EventCurrencySymbol":"","_EventCurrencyCode":"","_EventCurrencyPosition":"","_EventDateTimeSeparator":"","_EventTimeRangeSeparator":"","_EventOrganizerID":[],"_EventVenueID":[],"_OrganizerEmail":"","_OrganizerPhone":"","_OrganizerWebsite":"","_VenueAddress":"","_VenueCity":"","_VenueCountry":"","_VenueProvince":"","_VenueState":"","_VenueZip":"","_VenuePhone":"","_VenueURL":"","_VenueStateProvince":"","_VenueLat":"","_VenueLng":"","_VenueShowMap":false,"_VenueShowMapLink":false,"footnotes":""},"class_list":["post-22","page","type-page","status-publish","hentry"],"aioseo_notices":[],"campaignId":"","_links":{"self":[{"href":"https:\/\/instituteoflatinoart.org\/es\/wp-json\/wp\/v2\/pages\/22","targetHints":{"allow":["GET"]}}],"collection":[{"href":"https:\/\/instituteoflatinoart.org\/es\/wp-json\/wp\/v2\/pages"}],"about":[{"href":"https:\/\/instituteoflatinoart.org\/es\/wp-json\/wp\/v2\/types\/page"}],"author":[{"embeddable":true,"href":"https:\/\/instituteoflatinoart.org\/es\/wp-json\/wp\/v2\/users\/1"}],"replies":[{"embeddable":true,"href":"https:\/\/instituteoflatinoart.org\/es\/wp-json\/wp\/v2\/comments?post=22"}],"version-history":[{"count":21,"href":"https:\/\/instituteoflatinoart.org\/es\/wp-json\/wp\/v2\/pages\/22\/revisions"}],"predecessor-version":[{"id":186,"href":"https:\/\/instituteoflatinoart.org\/es\/wp-json\/wp\/v2\/pages\/22\/revisions\/186"}],"wp:attachment":[{"href":"https:\/\/instituteoflatinoart.org\/es\/wp-json\/wp\/v2\/media?parent=22"}],"curies":[{"name":"wp","href":"https:\/\/api.w.org\/{rel}","templated":true}]}}